{"id":51,"date":"2018-06-18T15:51:54","date_gmt":"2018-06-18T15:51:54","guid":{"rendered":"http:\/\/guycarcassonne.leclubdesjuristes.com\/?page_id=51"},"modified":"2018-06-18T15:51:54","modified_gmt":"2018-06-18T15:51:54","slug":"over","status":"publish","type":"page","link":"https:\/\/guycarcassonne.leclubdesjuristes.com\/","title":{"rendered":"Over"},"content":{"rendered":"<p><img loading=\"lazy\" decoding=\"async\" class=\"aligncenter wp-image-40 size-full\" src=\"\/wp-content\/uploads\/2018\/03\/banniere-Guy-Carcassonne.jpg\" alt=\"\" width=\"644\" height=\"219\" srcset=\"https:\/\/guycarcassonne.leclubdesjuristes.com\/wp-content\/uploads\/2018\/03\/banniere-Guy-Carcassonne.jpg 644w, https:\/\/guycarcassonne.leclubdesjuristes.com\/wp-content\/uploads\/2018\/03\/banniere-Guy-Carcassonne-300x102.jpg 300w\" sizes=\"(max-width: 644px) 100vw, 644px\" \/><\/p>\n<h3>\u00c9v\u00e8nement termin\u00e9.<\/h3>\n","protected":false},"excerpt":{"rendered":"<p>\u00c9v\u00e8nement termin\u00e9.<\/p>\n","protected":false},"author":1,"featured_media":0,"parent":0,"menu_order":0,"comment_status":"closed","ping_status":"closed","template":"","meta":{"footnotes":""},"_links":{"self":[{"href":"https:\/\/guycarcassonne.leclubdesjuristes.com\/index.php?rest_route=\/wp\/v2\/pages\/51"}],"collection":[{"href":"https:\/\/guycarcassonne.leclubdesjuristes.com\/index.php?rest_route=\/wp\/v2\/pages"}],"about":[{"href":"https:\/\/guycarcassonne.leclubdesjuristes.com\/index.php?rest_route=\/wp\/v2\/types\/page"}],"author":[{"embeddable":true,"href":"https:\/\/guycarcassonne.leclubdesjuristes.com\/index.php?rest_route=\/wp\/v2\/users\/1"}],"replies":[{"embeddable":true,"href":"https:\/\/guycarcassonne.leclubdesjuristes.com\/index.php?rest_route=%2Fwp%2Fv2%2Fcomments&post=51"}],"version-history":[{"count":1,"href":"https:\/\/guycarcassonne.leclubdesjuristes.com\/index.php?rest_route=\/wp\/v2\/pages\/51\/revisions"}],"predecessor-version":[{"id":53,"href":"https:\/\/guycarcassonne.leclubdesjuristes.com\/index.php?rest_route=\/wp\/v2\/pages\/51\/revisions\/53"}],"wp:attachment":[{"href":"https:\/\/guycarcassonne.leclubdesjuristes.com\/index.php?rest_route=%2Fwp%2Fv2%2Fmedia&parent=51"}],"curies":[{"name":"wp","href":"https:\/\/api.w.org\/{rel}","templated":true}]}}